{"id":75,"date":"2025-10-19T19:39:34","date_gmt":"2025-10-19T19:39:34","guid":{"rendered":"https:\/\/www.rudy3r.fr\/?page_id=75"},"modified":"2025-11-10T14:56:49","modified_gmt":"2025-11-10T14:56:49","slug":"prestations","status":"publish","type":"page","link":"https:\/\/www.rudy3r.fr\/index.php\/prestations\/","title":{"rendered":"Prestations"},"content":{"rendered":"\n<section class=\"wp-block-group alignfull has-background has-global-padding is-layout-constrained wp-container-core-group-is-layout-608bbd49 wp-block-group-is-layout-constrained\" style=\"background-color:#070707;margin-top:0px;padding-top:6rem;padding-right:1rem;padding-bottom:5rem;padding-left:1rem;font-size:clamp(0.875rem, 0.875rem + ((1vw - 0.2rem) * 0.464), 1.13rem);font-style:normal;font-weight:400;line-height:1.4\">\n<div class=\"wp-block-columns has-background is-layout-flex wp-container-core-columns-is-layout-03ad6a19 wp-block-columns-is-layout-flex\" style=\"background-color:#010101;margin-bottom:0px\">\n<div class=\"wp-block-column is-vertically-aligned-center is-layout-flow wp-block-column-is-layout-flow\" style=\"flex-basis:50%\">\n<figure class=\"wp-block-image alignleft size-full\"><img loading=\"lazy\" decoding=\"async\" width=\"300\" height=\"300\" src=\"https:\/\/www.rudy3r.fr\/wp-content\/uploads\/2025\/10\/volet-roulant-3.jpeg\" alt=\"\" class=\"wp-image-182\" style=\"aspect-ratio:1;object-fit:cover\" srcset=\"https:\/\/www.rudy3r.fr\/wp-content\/uploads\/2025\/10\/volet-roulant-3.jpeg 300w, https:\/\/www.rudy3r.fr\/wp-content\/uploads\/2025\/10\/volet-roulant-3-150x150.jpeg 150w\" sizes=\"auto, (max-width: 300px) 100vw, 300px\" \/><\/figure>\n<\/div>\n\n\n\n<div class=\"wp-block-column is-vertically-aligned-center has-global-padding is-layout-constrained wp-container-core-column-is-layout-c4a7d96a wp-block-column-is-layout-constrained\" style=\"flex-basis:50%\">\n<h3 class=\"wp-block-heading has-text-align-left has-text-color has-suranna-font-family\" style=\"color:#225bb5;margin-top:0.5rem;margin-bottom:0rem;font-size:clamp(24.034px, 1.502rem + ((1vw - 3.2px) * 1.814), 40px);font-style:normal;font-weight:500;letter-spacing:0px;line-height:1.3\"><strong>Pose de Volets<\/strong><\/h3>\n\n\n\n<p class=\"has-text-align-left has-text-color has-pontano-sans-font-family\" style=\"color:#ffffff;margin-top:20px;margin-bottom:20px;font-size:clamp(14px, 0.875rem + ((1vw - 3.2px) * 0.455), 18px);font-style:normal;font-weight:400;line-height:1.5\">Nous r\u00e9parons et r\u00e9alisons la <strong>pose de volets roulants \u00e9lectriques ou manuels sur mesure<\/strong>, adapt\u00e9s \u00e0 toutes les ouvertures : fen\u00eatres, portes-fen\u00eatres, baies vitr\u00e9es ou v\u00e9randas.<br>Nos prestations garantissent <strong>confort, s\u00e9curit\u00e9 et isolation optimale<\/strong>, tout en valorisant votre habitation.<\/p>\n\n\n\n<p class=\"has-text-color\" style=\"color:#ffffff;margin-top:20px;margin-bottom:20px;font-size:clamp(14px, 0.875rem + ((1vw - 3.2px) * 0.455), 18px);font-style:normal;font-weight:400;line-height:1.5\">Nous vous <strong>conseillons dans le choix du mat\u00e9riel<\/strong> le plus adapt\u00e9 \u00e0 votre projet et \u00e0 votre budget.<br>Nous travaillons r\u00e9guli\u00e8rement avec des produits de marques reconnues, r\u00e9put\u00e9es pour leur fiabilit\u00e9 et leur durabilit\u00e9.<\/p>\n\n\n\n<p class=\"has-text-color has-pontano-sans-font-family\" style=\"color:#ffffff;margin-top:20px;margin-bottom:20px;font-size:clamp(14px, 0.875rem + ((1vw - 3.2px) * 0.455), 18px);font-style:normal;font-weight:400;line-height:1.5\">Vous souhaitez <strong>moderniser votre habitation<\/strong> et dire adieu \u00e0 vos anciens <strong>volets battants<\/strong> ?<br>Nous vous proposons la <strong>pose de volets roulants \u00e9lectriques ou manuels<\/strong> pour remplacer vos volets battants, sans gros travaux et avec une finition soign\u00e9e.<\/p>\n<\/div>\n<\/div>\n\n\n\n<div class=\"wp-block-cover alignfull\" style=\"padding-top:6rem;padding-bottom:6rem\"><span aria-hidden=\"true\" class=\"wp-block-cover__background has-black-background-color has-background-dim-100 has-background-dim\"><\/span><div class=\"wp-block-cover__inner-container has-global-padding is-layout-constrained wp-container-core-cover-is-layout-5cbdda46 wp-block-cover-is-layout-constrained\">\n<h2 class=\"wp-block-heading has-text-align-center has-text-color has-link-color has-suranna-font-family wp-elements-f6687a27f24813a1b4e99f3803b2d9fe\" style=\"color:#ffffff;font-size:clamp(24.034px, 1.502rem + ((1vw - 3.2px) * 1.814), 40px);font-style:normal;font-weight:500;letter-spacing:1px\">Une solution esth\u00e9tique, pratique et performante<\/h2>\n\n\n\n<p class=\"has-text-align-center has-text-color has-link-color wp-elements-4913d4a3675311c50b38b0437e6b60aa\" style=\"color:#ffffff;font-size:clamp(14px, 0.875rem + ((1vw - 3.2px) * 0.455), 18px);\">Le remplacement de vos volets battants par des volets roulants apporte de <strong>nombreux avantages<\/strong> :<\/p>\n\n\n\n<p class=\"has-text-align-left has-text-color has-link-color has-pontano-sans-font-family wp-elements-ee8513bc103383e5e97914d0a2efd1f9\" style=\"color:#ffffff;font-size:clamp(14px, 0.875rem + ((1vw - 3.2px) * 0.455), 18px);\">\u26a1 <strong>Possibilit\u00e9 de motorisation<\/strong> : commande \u00e9lectrique ou domotique pour un confort optimal<\/p>\n\n\n\n<p class=\"has-text-color has-link-color wp-elements-450794583725f8cd38e1a91fe31507a4\" style=\"color:#ffffff;font-size:clamp(14px, 0.875rem + ((1vw - 3.2px) * 0.455), 18px);\">\u2705 <strong>Confort d\u2019utilisation<\/strong> : ouverture et fermeture faciles, avec un simple interrupteur ou une t\u00e9l\u00e9commande<\/p>\n\n\n\n<p class=\"has-text-color has-link-color wp-elements-d420e6e210147e9e41f93412ea7571b8\" style=\"color:#ffffff;font-size:clamp(14px, 0.875rem + ((1vw - 3.2px) * 0.455), 18px);\">\ud83d\udd12 <strong>S\u00e9curit\u00e9 renforc\u00e9e<\/strong> : syst\u00e8me anti-relevage, r\u00e9sistance accrue aux effractions<\/p>\n\n\n\n<p class=\"has-text-color has-link-color wp-elements-a7df5493f4a9c286d282dd9fe53f0d03\" style=\"color:#ffffff;font-size:clamp(14px, 0.875rem + ((1vw - 3.2px) * 0.455), 18px);\">\ud83c\udf21\ufe0f <strong>Meilleure isolation thermique et phonique<\/strong> : r\u00e9duction des pertes de chaleur et des nuisances sonores<\/p>\n\n\n\n<p class=\"has-text-align-center has-text-color has-link-color wp-elements-817f62725b7bfea876b2ff04c525095a\" style=\"color:#ffffff;font-size:clamp(14px, 0.875rem + ((1vw - 3.2px) * 0.455), 18px);\">\ud83c\udfe0 <strong>Design moderne<\/strong> : int\u00e9gration discr\u00e8te dans la fa\u00e7ade, avec de nombreux coloris disponibles<\/p>\n\n\n\n<div class=\"wp-block-buttons is-horizontal is-content-justification-center is-layout-flex wp-container-core-buttons-is-layout-bb07f847 wp-block-buttons-is-layout-flex\" style=\"margin-top:30px\">\n<div class=\"wp-block-button has-custom-width wp-block-button__width-25 is-style-fill\"><a class=\"wp-block-button__link has-text-color has-background has-pontano-sans-font-family has-custom-font-size wp-element-button\" href=\"https:\/\/www.rudy3r.fr\/index.php\/test\/\" style=\"border-style:none;border-width:0px;border-radius:0rem;color:#fffffd;background-color:#e27013;padding-top:0.71rem;padding-right:0.31rem;padding-bottom:0.71rem;padding-left:0.31rem;font-size:clamp(0.875rem, 0.875rem + ((1vw - 0.2rem) * 0.245), 1.01rem);font-style:normal;font-weight:600;letter-spacing:1px;line-height:1.5;text-transform:uppercase\">CONTACTEZ-nous<\/a><\/div>\n<\/div>\n<\/div><\/div>\n<\/section>\n\n\n\n<section class=\"wp-block-group alignfull has-global-padding is-layout-constrained wp-container-core-group-is-layout-8202059b wp-block-group-is-layout-constrained\" style=\"margin-top:0px;padding-top:6rem;padding-right:1rem;padding-bottom:6rem;padding-left:1rem;font-size:clamp(0.875rem, 0.875rem + ((1vw - 0.2rem) * 0.464), 1.13rem);font-style:normal;font-weight:400;line-height:1.4\">\n<div class=\"wp-block-columns is-layout-flex wp-container-core-columns-is-layout-03ad6a19 wp-block-columns-is-layout-flex\" style=\"margin-bottom:0px\">\n<div class=\"wp-block-column is-vertically-aligned-center has-global-padding is-layout-constrained wp-container-core-column-is-layout-c4a7d96a wp-block-column-is-layout-constrained\" style=\"flex-basis:50%\">\n<h3 class=\"wp-block-heading has-text-align-left has-text-color has-suranna-font-family\" style=\"color:#225bb5;margin-top:0.5rem;margin-bottom:0rem;font-size:clamp(24.034px, 1.502rem + ((1vw - 3.2px) * 1.814), 40px);font-style:normal;font-weight:500;letter-spacing:0px;line-height:1.3\"><strong>Motorisation de portail<\/strong><\/h3>\n\n\n\n<p class=\"has-text-align-left has-text-color has-pontano-sans-font-family\" style=\"color:#010101;margin-top:20px;margin-bottom:20px;font-size:clamp(14px, 0.875rem + ((1vw - 3.2px) * 0.455), 18px);font-style:normal;font-weight:400;line-height:1.5\">Nous r\u00e9parons et assurons la <strong>pose, le remplacement et le r\u00e9glage de moteurs pour portails \u00e9lectriques<\/strong>, qu\u2019ils soient <strong>battants ou coulissants<\/strong>.<br>Nos interventions garantissent un <strong>fonctionnement fluide, s\u00fbr et durable<\/strong> de votre portail, tout en am\u00e9liorant votre confort au quotidien.<\/p>\n\n\n\n<p>Nous vous <strong>accompagnons dans le choix du mat\u00e9riel<\/strong> le plus adapt\u00e9 \u00e0 votre installation et \u00e0 vos besoins : motorisation \u00e0 v\u00e9rins, \u00e0 bras articul\u00e9s ou enterr\u00e9e.<br>Nous travaillons r\u00e9guli\u00e8rement avec des marques reconnues, gage de fiabilit\u00e9 et de performance.<\/p>\n\n\n\n<p class=\"has-text-align-left has-text-color has-pontano-sans-font-family\" style=\"color:#010101;margin-top:20px;margin-bottom:20px;font-size:clamp(14px, 0.875rem + ((1vw - 3.2px) * 0.455), 18px);font-style:normal;font-weight:400;line-height:1.5\">\ud83d\udc49 <strong>Faites appel \u00e0 un professionnel pour la pose ou le remplacement de votre motorisation de portail \u00e9lectrique.<\/strong><\/p>\n<\/div>\n\n\n\n<div class=\"wp-block-column is-vertically-aligned-center is-layout-flow wp-block-column-is-layout-flow\" style=\"flex-basis:50%\">\n<figure class=\"wp-block-image alignright size-full has-custom-border\"><img loading=\"lazy\" decoding=\"async\" width=\"1024\" height=\"1024\" src=\"https:\/\/www.rudy3r.fr\/wp-content\/uploads\/2025\/10\/Augmenter-la-qualite-1.png\" alt=\"\" class=\"has-border-color has-tertiary-border-color wp-image-181\" style=\"border-width:1px;aspect-ratio:1;object-fit:cover\" srcset=\"https:\/\/www.rudy3r.fr\/wp-content\/uploads\/2025\/10\/Augmenter-la-qualite-1.png 1024w, https:\/\/www.rudy3r.fr\/wp-content\/uploads\/2025\/10\/Augmenter-la-qualite-1-300x300.png 300w, https:\/\/www.rudy3r.fr\/wp-content\/uploads\/2025\/10\/Augmenter-la-qualite-1-150x150.png 150w, https:\/\/www.rudy3r.fr\/wp-content\/uploads\/2025\/10\/Augmenter-la-qualite-1-768x768.png 768w\" sizes=\"auto, (max-width: 1024px) 100vw, 1024px\" \/><figcaption class=\"wp-element-caption\">Ouvrir ou fermer votre portail devient un jeu d&#8217;enfant !<\/figcaption><\/figure>\n<\/div>\n<\/div>\n\n\n\n<div class=\"wp-block-cover alignfull is-light\" style=\"min-height:306px;aspect-ratio:unset;\"><span aria-hidden=\"true\" class=\"wp-block-cover__background has-background-dim-100 has-background-dim\" style=\"background-color:#ffffff\"><\/span><div class=\"wp-block-cover__inner-container is-layout-flow wp-block-cover-is-layout-flow\">\n<div class=\"wp-block-media-text alignwide is-stacked-on-mobile is-vertically-aligned-center is-image-fill-element\" style=\"grid-template-columns:33% auto\"><figure class=\"wp-block-media-text__media\"><img loading=\"lazy\" decoding=\"async\" width=\"1024\" height=\"1024\" src=\"https:\/\/www.rudy3r.fr\/wp-content\/uploads\/2025\/11\/Portail-pluie.png\" alt=\"\" class=\"wp-image-242 size-full\" style=\"object-position:50% 50%\" srcset=\"https:\/\/www.rudy3r.fr\/wp-content\/uploads\/2025\/11\/Portail-pluie.png 1024w, https:\/\/www.rudy3r.fr\/wp-content\/uploads\/2025\/11\/Portail-pluie-300x300.png 300w, https:\/\/www.rudy3r.fr\/wp-content\/uploads\/2025\/11\/Portail-pluie-150x150.png 150w, https:\/\/www.rudy3r.fr\/wp-content\/uploads\/2025\/11\/Portail-pluie-768x768.png 768w\" sizes=\"auto, (max-width: 1024px) 100vw, 1024px\" \/><\/figure><div class=\"wp-block-media-text__content\">\n<p class=\"has-text-color\" style=\"color:#000000;font-size:clamp(14px, 0.875rem + ((1vw - 3.2px) * 0.341), 17px);\">Vous en avez marre de sortir dans le froid ou sous pluie pour ouvrir ou fermer votre portail. Nous pouvons le motoriser !<\/p>\n\n\n\n<div class=\"wp-block-buttons is-horizontal is-content-justification-left is-layout-flex wp-container-core-buttons-is-layout-2c34cf1c wp-block-buttons-is-layout-flex\" style=\"margin-top:0.51rem\">\n<div class=\"wp-block-button has-custom-width wp-block-button__width-50 is-style-fill\"><a class=\"wp-block-button__link has-text-color has-background has-pontano-sans-font-family has-custom-font-size wp-element-button\" href=\"https:\/\/www.rudy3r.fr\/index.php\/test\/\" style=\"border-style:none;border-width:0px;border-radius:0rem;color:#fffffd;background-color:#e27013;padding-top:0.71rem;padding-right:0.31rem;padding-bottom:0.71rem;padding-left:0.31rem;font-size:clamp(0.875rem, 0.875rem + ((1vw - 0.2rem) * 0.245), 1.01rem);font-style:normal;font-weight:600;letter-spacing:1px;line-height:1.5;text-transform:uppercase\">contactez-nous<\/a><\/div>\n<\/div>\n<\/div><\/div>\n<\/div><\/div>\n<\/section>\n\n\n\n<section class=\"wp-block-group alignfull has-background has-global-padding is-layout-constrained wp-container-core-group-is-layout-8202059b wp-block-group-is-layout-constrained\" style=\"background-color:#225bb5;margin-top:0px;padding-top:6rem;padding-right:1rem;padding-bottom:6rem;padding-left:1rem;font-size:clamp(0.875rem, 0.875rem + ((1vw - 0.2rem) * 0.464), 1.13rem);font-style:normal;font-weight:400;line-height:1.4\">\n<div class=\"wp-block-columns has-background is-layout-flex wp-container-core-columns-is-layout-03ad6a19 wp-block-columns-is-layout-flex\" style=\"background-color:#225bb5;margin-bottom:0px\">\n<div class=\"wp-block-column is-vertically-aligned-center is-layout-flow wp-block-column-is-layout-flow\" style=\"flex-basis:50%\">\n<figure class=\"wp-block-image alignright size-full has-custom-border wp-duotone-unset-1\"><img loading=\"lazy\" decoding=\"async\" width=\"612\" height=\"408\" src=\"https:\/\/www.rudy3r.fr\/wp-content\/uploads\/2025\/10\/serrurerie1.jpg\" alt=\"\" class=\"has-border-color has-tertiary-border-color wp-image-148\" style=\"border-width:1px;aspect-ratio:1;object-fit:cover\" srcset=\"https:\/\/www.rudy3r.fr\/wp-content\/uploads\/2025\/10\/serrurerie1.jpg 612w, https:\/\/www.rudy3r.fr\/wp-content\/uploads\/2025\/10\/serrurerie1-300x200.jpg 300w\" sizes=\"auto, (max-width: 612px) 100vw, 612px\" \/><\/figure>\n<\/div>\n\n\n\n<div class=\"wp-block-column is-vertically-aligned-center has-global-padding is-layout-constrained wp-container-core-column-is-layout-c4a7d96a wp-block-column-is-layout-constrained\" style=\"flex-basis:50%\">\n<h3 class=\"wp-block-heading has-text-align-left has-text-color has-suranna-font-family\" style=\"color:#fbfbfb;margin-top:0.5rem;margin-bottom:0rem;font-size:clamp(24.034px, 1.502rem + ((1vw - 3.2px) * 1.814), 40px);font-style:normal;font-weight:500;letter-spacing:0px;line-height:1.3\"><strong>Serrurerie<\/strong><\/h3>\n\n\n\n<p class=\"has-text-align-left has-text-color has-pontano-sans-font-family\" style=\"color:#010101;margin-top:20px;margin-bottom:20px;font-size:clamp(14px, 0.875rem + ((1vw - 3.2px) * 0.455), 18px);font-style:normal;font-weight:400;line-height:1.5\">Nous intervenons pour la <strong>pose, la r\u00e9paration et le remplacement de serrures<\/strong> sur tous types de portes : entr\u00e9e, garage, portail<\/p>\n\n\n\n<div class=\"wp-block-buttons is-horizontal is-content-justification-left is-layout-flex wp-container-core-buttons-is-layout-2c34cf1c wp-block-buttons-is-layout-flex\" style=\"margin-top:0.51rem\">\n<div class=\"wp-block-button has-custom-width wp-block-button__width-50 is-style-fill\"><a class=\"wp-block-button__link has-text-color has-background has-pontano-sans-font-family has-custom-font-size wp-element-button\" href=\"https:\/\/www.rudy3r.fr\/index.php\/test\/\" style=\"border-style:none;border-width:0px;border-radius:0rem;color:#fffffd;background-color:#e27013;padding-top:0.71rem;padding-right:0.31rem;padding-bottom:0.71rem;padding-left:0.31rem;font-size:clamp(0.875rem, 0.875rem + ((1vw - 0.2rem) * 0.245), 1.01rem);font-style:normal;font-weight:600;letter-spacing:1px;line-height:1.5;text-transform:uppercase\">contactez-nous<\/a><\/div>\n<\/div>\n<\/div>\n<\/div>\n<\/section>\n\n\n\n<section class=\"wp-block-group alignfull has-background has-global-padding is-layout-constrained wp-container-core-group-is-layout-608bbd49 wp-block-group-is-layout-constrained\" style=\"background-color:#050505;margin-top:0px;padding-top:6rem;padding-right:1rem;padding-bottom:5rem;padding-left:1rem;font-size:clamp(0.875rem, 0.875rem + ((1vw - 0.2rem) * 0.464), 1.13rem);font-style:normal;font-weight:400;line-height:1.4\">\n<div class=\"wp-block-columns has-background is-layout-flex wp-container-core-columns-is-layout-03ad6a19 wp-block-columns-is-layout-flex\" style=\"background-color:#040404;margin-bottom:0px\">\n<div class=\"wp-block-column is-vertically-aligned-center is-layout-flow wp-block-column-is-layout-flow\" style=\"flex-basis:50%\">\n<figure class=\"wp-block-image aligncenter size-full\"><img loading=\"lazy\" decoding=\"async\" width=\"650\" height=\"650\" src=\"https:\/\/www.rudy3r.fr\/wp-content\/uploads\/2025\/10\/interphone-1.jpeg\" alt=\"\" class=\"wp-image-147\" style=\"aspect-ratio:1;object-fit:cover\" srcset=\"https:\/\/www.rudy3r.fr\/wp-content\/uploads\/2025\/10\/interphone-1.jpeg 650w, https:\/\/www.rudy3r.fr\/wp-content\/uploads\/2025\/10\/interphone-1-300x300.jpeg 300w, https:\/\/www.rudy3r.fr\/wp-content\/uploads\/2025\/10\/interphone-1-150x150.jpeg 150w\" sizes=\"auto, (max-width: 650px) 100vw, 650px\" \/><\/figure>\n<\/div>\n\n\n\n<div class=\"wp-block-column is-layout-flow wp-block-column-is-layout-flow\"><\/div>\n\n\n\n<div class=\"wp-block-column is-layout-flow wp-block-column-is-layout-flow\"><\/div>\n\n\n\n<div class=\"wp-block-column is-vertically-aligned-center has-text-color has-link-color wp-elements-642cb719585fcc979e90411696c0c861 has-global-padding is-layout-constrained wp-container-core-column-is-layout-c4a7d96a wp-block-column-is-layout-constrained\" style=\"color:#fefefe;flex-basis:50%\">\n<div class=\"wp-block-group has-global-padding is-layout-constrained wp-block-group-is-layout-constrained\">\n<div class=\"wp-block-group has-global-padding is-layout-constrained wp-block-group-is-layout-constrained\">\n<h3 class=\"wp-block-heading has-text-align-left has-text-color has-suranna-font-family\" style=\"color:#225bb5;margin-top:0.5rem;margin-bottom:0rem;font-size:clamp(24.034px, 1.502rem + ((1vw - 3.2px) * 1.814), 40px);font-style:normal;font-weight:500;letter-spacing:0px;line-height:1.3\"><strong>Visio-phone<\/strong><\/h3>\n\n\n\n<p class=\"has-text-align-left has-text-color has-pontano-sans-font-family\" style=\"color:#ffffff;margin-top:20px;margin-bottom:20px;font-size:clamp(14px, 0.875rem + ((1vw - 3.2px) * 0.455), 18px);font-style:normal;font-weight:400;line-height:1.5\">Nous r\u00e9alisons la <strong>pose, le remplacement et le r\u00e9glage de visiophones<\/strong> pour maisons, immeubles ou locaux professionnels.<br>Un <strong>visiophone bien install\u00e9<\/strong> am\u00e9liore votre <strong>s\u00e9curit\u00e9<\/strong> et votre <strong>confort au quotidien<\/strong>, en vous permettant d\u2019identifier vos visiteurs avant d\u2019ouvrir votre porte ou portail.<\/p>\n\n\n\n<p>Nous vous <strong>accompagnons dans le choix du mod\u00e8le<\/strong> le plus adapt\u00e9 \u00e0 votre installation : visiophone filaire, sans fil ou connect\u00e9.<br>Nous travaillons r\u00e9guli\u00e8rement avec des marques reconnues  pour leur fiabilit\u00e9 et leur performance.<\/p>\n<\/div>\n\n\n\n<p class=\"has-text-align-left has-text-color has-pontano-sans-font-family\" style=\"color:#ffffff;margin-top:20px;margin-bottom:20px;font-size:clamp(14px, 0.875rem + ((1vw - 3.2px) * 0.455), 18px);font-style:normal;font-weight:400;line-height:1.5\">\ud83d\udc49 <strong>Faites appel \u00e0 un professionnel pour la pose ou le remplacement de votre visiophone, avec un conseil personnalis\u00e9 et une installation soign\u00e9e.<\/strong><\/p>\n\n\n\n<div class=\"wp-block-buttons is-horizontal is-content-justification-left is-layout-flex wp-container-core-buttons-is-layout-2c34cf1c wp-block-buttons-is-layout-flex\" style=\"margin-top:0.51rem\">\n<div class=\"wp-block-button has-custom-width wp-block-button__width-50 is-style-fill\"><a class=\"wp-block-button__link has-text-color has-background has-pontano-sans-font-family has-custom-font-size wp-element-button\" href=\"https:\/\/www.rudy3r.fr\/index.php\/test\/\" style=\"border-style:none;border-width:0px;border-radius:0rem;color:#fffffd;background-color:#e27013;padding-top:0.71rem;padding-right:0.31rem;padding-bottom:0.71rem;padding-left:0.31rem;font-size:clamp(0.875rem, 0.875rem + ((1vw - 0.2rem) * 0.245), 1.01rem);font-style:normal;font-weight:600;letter-spacing:1px;line-height:1.5;text-transform:uppercase\">contactez-nous<\/a><\/div>\n<\/div>\n<\/div>\n<\/div>\n<\/div>\n<\/section>\n\n\n\n<section class=\"wp-block-cover alignfull is-light\" style=\"margin-top:0px;padding-top:1.01rem;padding-bottom:1.01rem;min-height:430px;aspect-ratio:unset;\"><img loading=\"lazy\" decoding=\"async\" width=\"1024\" height=\"1024\" class=\"wp-block-cover__image-background wp-image-259 size-full\" alt=\"\" src=\"https:\/\/www.rudy3r.fr\/wp-content\/uploads\/2025\/11\/ChatGPT-Image-5-nov.-2025-22_13_25.png\" style=\"object-position:39% 64%\" data-object-fit=\"cover\" data-object-position=\"39% 64%\" srcset=\"https:\/\/www.rudy3r.fr\/wp-content\/uploads\/2025\/11\/ChatGPT-Image-5-nov.-2025-22_13_25.png 1024w, https:\/\/www.rudy3r.fr\/wp-content\/uploads\/2025\/11\/ChatGPT-Image-5-nov.-2025-22_13_25-300x300.png 300w, https:\/\/www.rudy3r.fr\/wp-content\/uploads\/2025\/11\/ChatGPT-Image-5-nov.-2025-22_13_25-150x150.png 150w, https:\/\/www.rudy3r.fr\/wp-content\/uploads\/2025\/11\/ChatGPT-Image-5-nov.-2025-22_13_25-768x768.png 768w\" sizes=\"auto, (max-width: 1024px) 100vw, 1024px\" \/><span aria-hidden=\"true\" class=\"wp-block-cover__background has-background-dim-0 has-background-dim\" style=\"background-color:#edf1f2\"><\/span><div class=\"wp-block-cover__inner-container has-global-padding is-layout-constrained wp-container-core-cover-is-layout-b1bebcb3 wp-block-cover-is-layout-constrained\">\n<div class=\"wp-block-group has-text-color is-layout-flow wp-block-group-is-layout-flow\" style=\"color:#fffffd;margin-top:0px;padding-top:0rem;padding-right:1rem;padding-bottom:0rem;padding-left:1rem;font-size:clamp(0.875rem, 0.875rem + ((1vw - 0.2rem) * 0.464), 1.13rem);font-style:normal;font-weight:400;line-height:1.4\">\n<div class=\"wp-block-group has-global-padding is-layout-constrained wp-container-core-group-is-layout-bdbfdc43 wp-block-group-is-layout-constrained\">\n<h2 class=\"wp-block-heading has-text-align-center has-text-color\" style=\"color:#fffffd;margin-bottom:0rem;font-size:clamp(1.507rem, 1.507rem + ((1vw - 0.2rem) * 1.824), 2.51rem);font-style:normal;font-weight:400;line-height:1.2\"><strong>La satisfaction client est notre priorit\u00e9 !<\/strong><\/h2>\n<\/div>\n\n\n\n<div class=\"wp-block-group is-vertical is-content-justification-stretch is-layout-flex wp-container-core-group-is-layout-bfdebe91 wp-block-group-is-layout-flex\" style=\"margin-top:1.81rem;padding-right:0px;padding-left:0px\">\n<div class=\"wp-block-group has-global-padding is-content-justification-center is-layout-constrained wp-container-core-group-is-layout-2f0bcb29 wp-block-group-is-layout-constrained\" style=\"margin-top:0px\">\n<div class=\"wp-block-buttons is-horizontal is-content-justification-right is-layout-flex wp-container-core-buttons-is-layout-099266fd wp-block-buttons-is-layout-flex\" style=\"margin-top:0.51rem\">\n<div class=\"wp-block-button has-custom-width wp-block-button__width-100 is-style-fill\"><a class=\"wp-block-button__link has-text-color has-background has-custom-font-size wp-element-button\" href=\"https:\/\/www.rudy3r.fr\/index.php\/test\/\" style=\"border-style:none;border-width:0px;border-radius:0rem;color:#fffffd;background-color:#e27013;padding-top:0.71rem;padding-right:0.31rem;padding-bottom:0.71rem;padding-left:0.31rem;font-size:clamp(0.875rem, 0.875rem + ((1vw - 0.2rem) * 0.245), 1.01rem);font-style:normal;font-weight:600;line-height:1.5;text-transform:uppercase\">contactez-nous<\/a><\/div>\n<\/div>\n<\/div>\n<\/div>\n<\/div>\n<\/div><\/section>\n\n\n\n<p><\/p>\n","protected":false},"excerpt":{"rendered":"<p>Pose de Volets Nous r\u00e9parons et r\u00e9alisons la pose de volets roulants \u00e9lectriques ou manuels sur mesure, adapt\u00e9s \u00e0 toutes les ouvertures : fen\u00eatres, portes-fen\u00eatres, baies vitr\u00e9es ou v\u00e9randas.Nos prestations garantissent confort, s\u00e9curit\u00e9 et isolation optimale, tout en valorisant votre habitation. Nous vous conseillons dans le choix du mat\u00e9riel le plus adapt\u00e9 \u00e0 votre projet [&hellip;]<\/p>\n","protected":false},"author":2,"featured_media":0,"parent":0,"menu_order":0,"comment_status":"closed","ping_status":"closed","template":"","meta":{"footnotes":""},"class_list":["post-75","page","type-page","status-publish","hentry"],"_links":{"self":[{"href":"https:\/\/www.rudy3r.fr\/index.php\/wp-json\/wp\/v2\/pages\/75","targetHints":{"allow":["GET"]}}],"collection":[{"href":"https:\/\/www.rudy3r.fr\/index.php\/wp-json\/wp\/v2\/pages"}],"about":[{"href":"https:\/\/www.rudy3r.fr\/index.php\/wp-json\/wp\/v2\/types\/page"}],"author":[{"embeddable":true,"href":"https:\/\/www.rudy3r.fr\/index.php\/wp-json\/wp\/v2\/users\/2"}],"replies":[{"embeddable":true,"href":"https:\/\/www.rudy3r.fr\/index.php\/wp-json\/wp\/v2\/comments?post=75"}],"version-history":[{"count":18,"href":"https:\/\/www.rudy3r.fr\/index.php\/wp-json\/wp\/v2\/pages\/75\/revisions"}],"predecessor-version":[{"id":299,"href":"https:\/\/www.rudy3r.fr\/index.php\/wp-json\/wp\/v2\/pages\/75\/revisions\/299"}],"wp:attachment":[{"href":"https:\/\/www.rudy3r.fr\/index.php\/wp-json\/wp\/v2\/media?parent=75"}],"curies":[{"name":"wp","href":"https:\/\/api.w.org\/{rel}","templated":true}]}}